{"id":16,"date":"2020-05-28T08:00:40","date_gmt":"2020-05-28T14:00:40","guid":{"rendered":"http:\/\/sites.warnercnr.colostate.edu\/christinacavaliere\/?page_id=16"},"modified":"2025-10-08T13:51:58","modified_gmt":"2025-10-08T19:51:58","slug":"research","status":"publish","type":"page","link":"https:\/\/sites.warnercnr.colostate.edu\/christinacavaliere\/research\/","title":{"rendered":"Publications"},"content":{"rendered":"\n\n\t\n\n\n\n\n\n\n\n\n\n<h3><strong><a href=\"https:\/\/scholar.google.com\/citations?hl=en&amp;user=q1Lc1BEAAAAJ&amp;view_op=list_works&amp;sortby=pubdate\">Click Here for Dr. Cavaliere&#8217;s Google Scholar&#8217;s Page<\/a><\/strong><\/h3>\n\n<p><a href=\"https:\/\/scholar.google.com\/citations?view_op=view_citation&amp;hl=en&amp;user=q1Lc1BEAAAAJ&amp;citation_for_view=q1Lc1BEAAAAJ:L8Ckcad2t8MC\"><img loading=\"lazy\" decoding=\"async\" src=\"https:\/\/sites.warnercnr.colostate.edu\/christinacavaliere\/wp-content\/uploads\/sites\/142\/2020\/09\/picture773.jpg\" alt=\"\" width=\"101\" height=\"153\" \/><\/a><a href=\"https:\/\/scholar.google.com\/citations?view_op=view_citation&amp;hl=en&amp;user=q1Lc1BEAAAAJ&amp;cstart=20&amp;pagesize=80&amp;citation_for_view=q1Lc1BEAAAAJ:8k81kl-MbHgC\"><img loading=\"lazy\" decoding=\"async\" src=\"https:\/\/sites.warnercnr.colostate.edu\/christinacavaliere\/wp-content\/uploads\/sites\/142\/2020\/09\/51e2s5OTV-L.jpg\" alt=\"\" width=\"102\" height=\"153\" \/><\/a><a href=\"https:\/\/scholar.google.com\/citations?view_op=view_citation&amp;hl=en&amp;user=q1Lc1BEAAAAJ&amp;citation_for_view=q1Lc1BEAAAAJ:aqlVkmm33-oC\"><img loading=\"lazy\" decoding=\"async\" src=\"https:\/\/sites.warnercnr.colostate.edu\/christinacavaliere\/wp-content\/uploads\/sites\/142\/2020\/09\/978-3-319-57189-8.jpg\" alt=\"\" width=\"103\" height=\"152\" \/><\/a><a href=\"https:\/\/scholar.google.com\/citations?view_op=view_citation&amp;hl=en&amp;user=q1Lc1BEAAAAJ&amp;citation_for_view=q1Lc1BEAAAAJ:Y0pCki6q_DkC\"><img loading=\"lazy\" decoding=\"async\" src=\"https:\/\/sites.warnercnr.colostate.edu\/christinacavaliere\/wp-content\/uploads\/sites\/142\/2020\/09\/9783319498515.jpg\" alt=\"\" width=\"103\" height=\"152\" \/><\/a><a href=\"https:\/\/scholar.google.com\/citations?view_op=view_citation&amp;hl=en&amp;user=q1Lc1BEAAAAJ&amp;citation_for_view=q1Lc1BEAAAAJ:M3ejUd6NZC8C\"><img loading=\"lazy\" decoding=\"async\" src=\"https:\/\/sites.warnercnr.colostate.edu\/christinacavaliere\/wp-content\/uploads\/sites\/142\/2025\/08\/Cavs-book-pic-2.png\" alt=\"\" width=\"104\" height=\"146\" \/><\/a><a href=\"https:\/\/scholar.google.com\/citations?view_op=view_citation&amp;hl=en&amp;user=q1Lc1BEAAAAJ&amp;citation_for_view=q1Lc1BEAAAAJ:Wp0gIr-vW9MC\"><img loading=\"lazy\" decoding=\"async\" src=\"https:\/\/sites.warnercnr.colostate.edu\/christinacavaliere\/wp-content\/uploads\/sites\/142\/2025\/08\/Cavs-Book-Pic.png\" alt=\"\" width=\"102\" height=\"144\" \/><\/a><\/p>\n<p><em>Note: The * indicates Dr. Cavaliere&#8217;s PhD and graduate students<\/em><\/p>\n<p>Hoarau-Heemstra, H., <strong>Cavaliere, C. T.<\/strong>, Nazarova, N., Hoarau, G., &amp; Kline, C. (2025). &#8220;Making the wolffish personal&#8221;: exploring the role of tourism for wildlife equity and biocultural conservation. <em>Journal of Sustainable Tourism<\/em>, 1-22. <a href=\"https:\/\/doi.org\/10.1080\/09669582.2025.2522157\">https:\/\/doi.org\/10.1080\/09669582.2025.2522157<\/a><\/p>\n<p><strong>Cavaliere, C. T.<\/strong>, Branstrator, J* &amp; Cheer, J. (2024). Intersectional emancipation for biocultural conservation: A neolocalism framework. <em>Journal of Travel Research, 64<\/em>(4), 1318-1332.\u00a0<a href=\"https:\/\/doi.org\/10.1177\/00472875241247315\">https:\/\/doi.org\/10.1177\/00472875241247315<\/a><\/p>\n<p>Fennell, D. A., Kline, C., Mkono, M., Grimwood, B.S.R., Sheppard, V.A., Dashper, K., Rickly, J., Burns, G. L., Bertella, G., von Essen, E., Garc\u00eda-Rosell, J.C., Guo, Y., Hoarau-Heemstra, H., L\u00f3pez L\u00f3pez, A., Venegas, G. J. Q., Holladay P. J., <strong>Cavaliere, C. T.<\/strong>, Copeland, K., Danley, B., Rizzolou, J. B., Hurst, C. E., Usui, R., \u00c4ij\u00e4l\u00e4, M., Crossley, E., Hill, K., Szydlowski, M., Bisgrove, D., Blythe, S., Fennell, S. R., Heaney, S.O., Schuhmacher, C., Tully, P., Coose, S., Hooper, J., and Madrid, R. (2024). Tourism, animals &amp; the vacant niche: a scoping review and pedagogical agenda. <em>Current Issues in Tourism, 1-29.<\/em> <a href=\"https:\/\/doi.org\/10.1080\/13683500.2023.2280704\">https:\/\/doi.org\/10.1080\/13683500.2023.2280704<\/a><\/p>\n<p><strong>Cavaliere, C. T.<\/strong> &amp; Branstrator, J.R.* (2023). A critical biocultural identity framework. <em>Society &amp; Natural Resources.<\/em> 1-21. <a href=\"https:\/\/doi.org\/10.1080\/08941920.2023.2267499\">https:\/\/doi.org\/10.1080\/08941920.2023.2267499<\/a><\/p>\n<p>Yin, J., Xiong, L., <strong>Cavaliere, C.T<\/strong>., Qiao, H., Jia, Y., and Xie, S. (2023). Examining the environmental impact of pro-poor tourism: The case of Enshi Tujia and Miao Autonomous State in China. <em>International Journal of Tourism Research<\/em>. <a href=\"https:\/\/doi.org\/10.1002\/jtr.2598\">https:\/\/doi.org\/10.1002\/jtr.2598<\/a><\/p>\n<p>Branstrator, J.R.*, <strong>Cavaliere, C. T.<\/strong>, Day, J. &amp; Bricker, K. (2023). Civic reporting indicators and biocultural conservation: Challenges and opportunities for Sustainable Tourism. Sustainability 15 (3), 1823. <a href=\"https:\/\/doi.org\/10.3390\/su15031823\">https:\/\/doi.org\/10.3390\/su15031823<\/a><\/p>\n<p>Kline, C., Hoarau-Heemstra, H. &amp; <strong>Cavaliere, C.T.<\/strong> (2022). Wildlife equity theory for multispecies tourism justice. <em>Journal of Travel Research<\/em>. <a href=\"https:\/\/doi.org\/10.1177\/0047287522112925\">https:\/\/doi.org\/10.1177\/0047287522112925<\/a><\/p>\n<p>Branstrator., J.R.*, <strong>Cavaliere., C. T.,<\/strong> Xiong, L., &amp; Knight, D. W. (2022). Extended reality for transformative sustainable tourism: Restorying human-wildlife relationships for biocultural conservation. <em>Journal of Ecotourism<\/em>. <a href=\"https:\/\/doi.org\/10.1080\/14724049.2022.2055046\">https:\/\/doi.org\/10.1080\/14724049.2022.2055046<\/a><\/p>\n<p><strong>Cavaliere, C. T.<\/strong> &amp; Ingram, L. (2021). Climate change and anger: Misogyny and the dominant growth paradigm in tourism. <em>Annals of Leisure Research<\/em>. DOI: <a href=\"https:\/\/doi.org\/10.1080\/11745398.2021.1949732\">10.1080\/11745398.2021.1949732<\/a><\/p>\n<p>Niemiec, R., Gruby, R., Quartuch, M., <strong>Cavaliere, C. T.,<\/strong> Teel, T., Crook, K., Salerno, J., Solomon, J.N., Jones, KW., Gavin, M., Lavoie, A., Stronza, A., Meth, L., Enrici, A., Lanter, K., Browne, C., Proctor, J., &amp; Manfredo, M. (2021). Integrating social science into conservation planning. <em>Biological Conservation, 262<\/em>,109298. <a href=\"https:\/\/doi.org\/10.1016\/j.biocon.2021.109298\">https:\/\/doi.org\/10.1016\/j.biocon.2021.109298<\/a><\/p>\n<p>Boluk, K., <strong>Cavaliere, C. T.<\/strong> &amp;\u00a0Higgins-Desbiolles, F. (Eds.). (2021). <em>Activating Critical Thinking to Advance the Sustainable Development Goals in Tourism Systems<\/em>. Routledge. <a href=\"https:\/\/doi.org\/10.4324\/9781003140542\">https:\/\/doi.org\/10.4324\/9781003140542<\/a><\/p>\n<p>Ingram, L., Slocum, S. &amp; <strong>Cavaliere, C. T.<\/strong> (Eds.). (2020). <em>Neolocalism: Understanding a global movement<\/em>. Oxford, UK: Goodfellow Publishers Limited.<\/p>\n<p><strong>Cavaliere, C. T.<\/strong> &amp; Ingram, L. (2020). Introduction to Neolocalism. In Ingram, L., Slocum, S., &amp; Cavaliere, C. T.\u00a0\u00a0 (Eds.). <em>Neolocalism: Understanding a global movement<\/em>. Goodfellow Publishers Limited.<\/p>\n<p><strong>Cavaliere, C. T., <\/strong>Chalermchaikit. V*., Cheng, Y. C*. &amp; La, A*. (2020). Neolocalism and Transportation: Biocultural Conservation of the Saen Saeb Khlong in Bangkok. In Ingram, L., Slocum, S., &amp; Cavaliere, C. T. (Eds.). <em>Neolocalism: Understanding a global movement.<\/em> Goodfellow Publishers Limited.<\/p>\n<p>Boluk, K., <strong>Cavaliere, C. T.<\/strong> &amp; Higgins-Desbiolles, F. (2019). A critical framework for interrogating the United Nations Sustainable Development Goals 2030 Agenda in Tourism. <em>Journal of Sustainable Tourism, 27<\/em>(7), 847-864. doi: 10.1080\/09669582.2019.1619748<\/p>\n<p>Boluk, K., <strong>Cavaliere, C. T.<\/strong> &amp; Duffy, L. (2019). Critical thinking to advance sustainability in tourism: A pedagogical framework for the empowerment of the critical tourism citizen. <em>Journal of Sustainable Tourism, 27<\/em>(7), 865-881. <a href=\"https:\/\/doi.org\/10.1080\/09669582.2019.1615928\">https:\/\/doi.org\/10.1080\/09669582.2019.1615928<\/a><\/p>\n<p><strong>Cavaliere, C. T. <\/strong>&amp; Viscidy, R*. (2018). Agritourism Providers&#8217; Reflections of Post-Carbon Treatment of the Wild Whitetail Deer. In C. S. Kline (Ed.), (2018). <em>Tourism experiences and animal consumption: Contested values, morality and ethics. <\/em>Routledge.<\/p>\n<p>Slocum, S., Kline, C. S. &amp; <strong>Cavaliere, C. T.<\/strong> (Eds.). (2017). <em>Beers, Ciders &amp; Spirits: Craft Beverages and Tourism in the U.S. Volume 1. The Landscape of Craft Beverages.<\/em> Palgrave Macmillan. <a href=\"https:\/\/doi.org\/10.1007\/978-3-319-49852-2_12\">https:\/\/doi.org\/10.1007\/978-3-319-49852-2_12<\/a><\/p>\n<p>Slocum, S., Kline, C. S. &amp; <strong>Cavaliere, C. T.<\/strong> (Eds.). (2017). <em>Beers, Ciders &amp; Spirits: Craft Beverages and Tourism in the U.S. Volume 2. Environmental and Social Trends and Marketing Implications.<\/em> Palgrave Macmillan. <a href=\"https:\/\/doi.org\/10.1007\/978-3-319-57189-8\">https:\/\/doi.org\/10.1007\/978-3-319-57189-8<\/a><\/p>\n<p><strong>Cavaliere, C. T. <\/strong>(2017). Foodscapes as alternate ways of knowing: Advancing sustainability and climate consciousness through tactile space. In S. Slocum &amp; C.S., Kline (Eds.), <em>Linking urban and rural tourism: Strategies for sustainability.<\/em> (pp.49-67). CABI International. ISBN -13: 9781786390141<\/p>\n<p>Boluk, K., <strong>Cavaliere, C. T<\/strong>., &amp; Higgins-Desbiolles, F. (2017). Critical thinking to realize sustainability in tourism systems: Reflecting on the 2030 sustainable development goals. <em>Journal of Sustainable Tourism<\/em>, <em>25<\/em>(9), 1201-1204. <a href=\"https:\/\/doi.org\/10.1080\/09669582.2017.1333263\">https:\/\/doi.org\/10.1080\/09669582.2017.1333263<\/a><\/p>\n<p>Higham, J., Cohen, S. A., <strong>Cavaliere, C. T.<\/strong>, Reis, A., &amp; Finkler, W. (2016). Climate change, tourist air travel and radical emmissions reduction. <em>Journal of Cleaner Production, 111<\/em>, (Part B), 336-347. <a href=\"https:\/\/doi.org\/10.1016\/j.jclepro.2014.10.100\">https:\/\/doi.org\/10.1016\/j.jclepro.2014.10.100<\/a><\/p>\n<p>Higham, J., Cohen, S. &amp; <strong>Cavaliere, C. T.<\/strong> (2014). Climate change, discretionary air travel, and the flyers dilemma. <em>Journal of Travel Research, 53(4)<\/em>, 462-475. (*Journal of Tourism Research paper of the year award)<\/p>\n<p>Cohen, S., Higham, J. &amp; <strong>Cavaliere, C. T<\/strong>. (2011). Binge Flying: Behavioural addiction and climate change. <em>Annals of Tourism Research, 38(3)<\/em>, 1070-1089.<\/p>\n\n","protected":false},"excerpt":{"rendered":"<p>Click Here for Dr. Cavaliere&#8217;s Google Scholar&#8217;s Page Note: The * indicates Dr. Cavaliere&#8217;s PhD and graduate students Hoarau-Heemstra, H., Cavaliere, C. T., Nazarova, N., Hoarau, G., &amp; Kline, C. (2025). &#8220;Making the wolffish personal&#8221;: exploring the role of tourism for wildlife equity and biocultural conservation. Journal of Sustainable Tourism, 1-22. https:\/\/doi.org\/10.1080\/09669582.2025.2522157 Cavaliere, C. T., &hellip; <\/p>\n<p class=\"link-more\"><a href=\"https:\/\/sites.warnercnr.colostate.edu\/christinacavaliere\/research\/\" class=\"more-link\">Continue reading<span class=\"screen-reader-text\"> &#8220;Publications&#8221;<\/span><\/a><\/p>\n","protected":false},"author":190,"featured_media":0,"parent":0,"menu_order":0,"comment_status":"closed","ping_status":"closed","template":"","meta":{"footnotes":""},"class_list":["post-16","page","type-page","status-publish","hentry"],"_links":{"self":[{"href":"https:\/\/sites.warnercnr.colostate.edu\/christinacavaliere\/wp-json\/wp\/v2\/pages\/16","targetHints":{"allow":["GET"]}}],"collection":[{"href":"https:\/\/sites.warnercnr.colostate.edu\/christinacavaliere\/wp-json\/wp\/v2\/pages"}],"about":[{"href":"https:\/\/sites.warnercnr.colostate.edu\/christinacavaliere\/wp-json\/wp\/v2\/types\/page"}],"author":[{"embeddable":true,"href":"https:\/\/sites.warnercnr.colostate.edu\/christinacavaliere\/wp-json\/wp\/v2\/users\/190"}],"replies":[{"embeddable":true,"href":"https:\/\/sites.warnercnr.colostate.edu\/christinacavaliere\/wp-json\/wp\/v2\/comments?post=16"}],"version-history":[{"count":131,"href":"https:\/\/sites.warnercnr.colostate.edu\/christinacavaliere\/wp-json\/wp\/v2\/pages\/16\/revisions"}],"predecessor-version":[{"id":830,"href":"https:\/\/sites.warnercnr.colostate.edu\/christinacavaliere\/wp-json\/wp\/v2\/pages\/16\/revisions\/830"}],"wp:attachment":[{"href":"https:\/\/sites.warnercnr.colostate.edu\/christinacavaliere\/wp-json\/wp\/v2\/media?parent=16"}],"curies":[{"name":"wp","href":"https:\/\/api.w.org\/{rel}","templated":true}]}}