{"id":19,"date":"2019-01-10T23:05:13","date_gmt":"2019-01-10T23:05:13","guid":{"rendered":"http:\/\/sites.warnercnr.colostate.edu\/rel\/?page_id=19"},"modified":"2019-01-11T23:33:35","modified_gmt":"2019-01-11T23:33:35","slug":"publications","status":"publish","type":"page","link":"https:\/\/sites.warnercnr.colostate.edu\/restoration-ecology-lab\/publications\/","title":{"rendered":"Publications"},"content":{"rendered":"<div class=\"wpb-content-wrapper\"><p>[vc_row][vc_column][vc_column_text]<\/p>\n<h2>2018<\/h2>\n<p>Khuc, Q. Van, B. Q. Tran, P. Meyfroidt, and M. W. Paschke. 2018. Drivers of deforestation and forest degradation in Vietnam: An exploratory analysis at the national level. Forest Policy and Economics 90:128\u2013141.<\/p>\n<p>Jonas, J. L., M. N. Grant-Hoffman, and M. W. Paschke. 2018. Restoration of North American salt deserts: A look at the past and suggestions for the future.<\/p>\n<h2>2017<\/h2>\n<p>Barr, S., J. L. Jonas, and M. W. Paschke. 2017. Optimizing seed mixture diversity and seeding rates for grassland restoration. Restoration Ecology 25:396\u2013404.<\/p>\n<p>Cumberland, C., J. L. Jonas, and M. W. Paschke. 2017. Impact of grasshoppers and an invasive grass on establishment and initial growth of restoration plant species. Restoration Ecology 25:385\u2013395.<\/p>\n<h2>2016<\/h2>\n<p>Hull, R. N., S. N. Luoma, B. A. Bayne, J. Iliff, D. J. Larkin, M. W. Paschke, S. L. Victor, and S. E. Ward. 2016. Opportunities and challenges of integrating ecological restoration into assessment and management of contaminated ecosystems. Integrated Environmental Assessment and Management 12:296\u2013305.<\/p>\n<p>Khuc, Q. Van, M. Alhassan, J. B. Loomis, T. D. Tran, and M. W. Paschke. 2016. Estimating urban households\u2019 willingness-to-pay for upland forest restoration in Vietnam. Open Journal of Forestry 06:191\u2013198.<\/p>\n<p>Stephens, G. J., D. B. Johnston, J. L. Jonas, and M. W. Paschke. 2016. Understory responses to mechanical treatment of pinyon-juniper in northwestern Colorado. Rangeland Ecology and Management 69:351\u2013359.<\/p>\n<h2>2015<\/h2>\n<p>El Mehdawi, A. F., M. W. Paschke, and E. A. H. Pilon-Smits. 2015. <em>Symphyotrichum ericoides<\/em> populations from seleniferous and nonseleniferous soil display striking variation in selenium accumulation. New Phytologist 206:231\u2013242.<\/p>\n<p>Jonas, J. L., W. Wolesensky, and A. Joern. 2015. Weather affects grasshopper population dynamics in continental grassland over annual and decadal periods. Rangeland Ecology and Management 68:29\u201339.<\/p>\n<p>Rhoades, C. C., P. J. Fornwalt, M. W. Paschke, A. Shanklin, and J. L. Jonas. 2015. Recovery of small pile burn scars in conifer forests of the Colorado Front Range. Forest Ecology and Management 347:180\u2013187.<\/p>\n<h2>2014<\/h2>\n<p>Alford, \u00c9. R., S. D. Lindblom, M. Pittarello, J. L. Freeman, S. C. Fakra, M. A. Marcus, C. Broeckling, E. A. H. Pilon-Smits, and M. W. Paschke. 2014. Roles of rhizobial symbionts in selenium hyperaccumulation in <em>Astragalus<\/em> (Fabaceae). American Journal of Botany 101:1895\u20131905.<\/p>\n<p>Symstad, A. J., and J. L. Jonas. 2014. Using natural range of variation to set decision thresholds: A case study for great plains grasslands. Page Application of Threshold Concepts in Natural Resource Decision Making.<\/p>\n<p>T\u00f6r\u00f6k, K., K. Szit\u00e1r, M. Halassy, R. Szab\u00f3, T. Szili-Kov\u00e1cs, N. Bar\u00e1th, and M. W. Paschke. 2014. Long-term outcome of nitrogen immobilization to restore endemic sand grassland in Hungary. Journal of Applied Ecology 51:756\u2013765.<\/p>\n<h2>2013<\/h2>\n<p>Busby, R. R., M. E. Stromberger, G. Rodriguez, D. L. Gebhart, and M. W. Paschke. 2013. Arbuscular mycorrhizal fungal community differs between a coexisting native shrub and introduced annual grass. Mycorrhiza 23:129\u2013141.<\/p>\n<p>Herron, C. M., J. L. Jonas, P. J. Meiman, and M. W. Paschke. 2013. Using native annual plants to restore post-fire habitats in western North America. International Journal of Wildland Fire 22:815\u2013821.<\/p>\n<p>Rieder, J. P., E. F. Redente, C. E. Richard, and M. W. Paschke. 2013. An approach to restoration of acidic waste rock at a high-elevation gold mine in Colorado, USA. Ecological Restoration 31:283\u2013294.<\/p>\n<h2>2012<\/h2>\n<p>Alford, \u00c9. R., E. A. H. Pilon-Smits, S. C. Fakra, and M. W. Paschke. 2012. Selenium hyperaccumulation by <em>Astragalus<\/em> (Fabaceae) does not inhibit root nodule symbiosis. American Journal of Botany 99:1930\u20131941.<\/p>\n<p>Eldridge, J. D., E. F. Redente, and M. Paschke. 2012. The use of seedbed modifications and wood chips to accelerate restoration of well pad sites in Western Colorado, U.S.A. Restoration Ecology 20:524\u2013531.<\/p>\n<p>Hoelzle, T. B., J. L. Jonas, and M. W. Paschke. 2012. Twenty-five years of sagebrush steppe plant community development following seed addition. Journal of Applied Ecology 49:911\u2013918.<\/p>\n<p>Woods, T. M., J. L. Jonas, and C. J. Ferguson. 2012. The invasive <em>Lespedeza cuneata<\/em> attracts more insect pollinators than native congeners in tallgrass prairie with variable impacts. Biological Invasions 14:1045\u20131059.<\/p>\n<h2>2011<\/h2>\n<p>Busby, R. R., D. L. Gebhart, M. E. Stromberger, P. J. Meiman, and M. W. Paschke. 2011. Early seral plant species\u2019 interactions with an arbuscular mycorrhizal fungi community are highly variable. Applied Soil Ecology 48:257\u2013262.<\/p>\n<p>Quinn, C. F., K. A. Wyant, A. L. Wangeline, J. Shulman, M. L. Galeas, J. R. Valdez, J. R. Self, M. W. Paschke, and E. A. H. Pilon-Smits. 2011. Enhanced decomposition of selenium hyperaccumulator litter in a seleniferous habitat\u2014evidence for specialist decomposers? Plant and Soil 341:51\u201361.<\/p>\n<h2>2010<\/h2>\n<p>Alford, \u00c9. R., E. A. H. Pilon-Smits, and M. W. Paschke. 2010. Metallophytes\u2014a view from the rhizosphere. Plant and Soil 337:33\u201350.<\/p>\n<p>Perry, L. G., D. M. Blumenthal, T. A. Monaco, M. W. Paschke, and E. F. Redente. 2010. Immobilizing nitrogen to control plant invasion. Oecologia 163:13\u201324.<\/p>\n<h2>2009<\/h2>\n<p>Alford, E. R., J. M. Vivanco, and M. W. Paschke. 2009. The effects of flavonoid allelochemicals from knapweeds on legume &#8211; <em>Rhizobia candidates<\/em> for restoration. Restoration Ecology 17:506\u2013514.<\/p>\n<p>Meiman, P. J., E. F. Redente, and M. W. Paschke. 2009. Diffuse knapweed (<em>Centaurea diffusa<\/em> Lam.) seedling emergence and establishment in a Colorado grassland. Pages 267\u2013274 Herbaceous Plant Ecology. Springer Netherlands, Dordrecht.<\/p>\n<p>Mirza, B. S., A. Welsh, G. Rasul, J. P. Rieder, M. W. Paschke, and D. Hahn. 2009. Variation in Frankia Populations of the Elaeagnus Host Infection Group in Nodules of Six Host Plant Species after Inoculation with Soil. Microbial Ecology 58:384\u2013393.<\/p>\n<p>Mirza, B. S., A. Welsh, J. P. Rieder, M. W. Paschke, and D. Hahn. 2009. Diversity of frankiae in soils from five continents. Systematic and Applied Microbiology 32:558\u2013570.<\/p>\n<p>Perry, L. G., S. A. Cronin, and M. W. Paschke. 2009. Native cover crops suppress exotic annuals and favor native perennials in a greenhouse competition experiment. Plant Ecology 204:247\u2013259.<\/p>\n<p>Rowe, H. I., C. S. Brown, and M. W. Paschke. 2009. The influence of soil inoculum and nitrogen availability on restoration of high-elevation steppe communities invaded by Bromus tectorum. Restoration Ecology 17:686\u2013694.<\/p>\n<p>Welsh, A., B. S. Mirza, J. P. Rieder, M. W. Paschke, and D. Hahn. 2009. Diversity of Frankiae in root nodules of <em>Morella pensylvanica<\/em> grown in soils from five continents. Systematic and Applied Microbiology 32:201\u2013210.<\/p>\n<h2>2008<\/h2>\n<p>Bayley, R. M., J. A. Ippolito, M. E. Stromberger, K. A. Barbarick, and M. W. Paschke. 2008. Water treatment residuals and biosolids co\u2010applications affect phosphatases in a semi\u2010arid rangeland soil. Communications in Soil Science and Plant Analysis 39:2812\u20132826.<\/p>\n<p>Broz, A. K., D. K. Manter, R. M. Callaway, M. W. Paschke, and J. M. Vivanco. 2008. A molecular approach to understanding plant &#8211; plant interactions in the context of invasion biology. Functional Plant Biology 35:1123.<\/p>\n<p>Quintana, N., T. L. Weir, J. Du, C. D. Broeckling, J. P. Rieder, F. R. Stermitz, M. W. Paschke, and J. M. Vivanco. 2008. Phytotoxic polyacetylenes from roots of Russian knapweed (<em>Acroptilon repens<\/em> (L.) DC.). Phytochemistry 69:2572\u20132578.<\/p>\n<h2>2007<\/h2>\n<p>Alford, \u00c9. R., L. G. Perry, B. Qin, J. M. Vivanco, and M. W. Paschke. 2007. A putative allelopathic agent of Russian knapweed occurs in invaded soils. Soil Biology and Biochemistry 39:1812\u20131815.<\/p>\n<p>Barillas, J. R. V., M. W. Paschke, M. H. Ralphs, and R. D. Child. 2007. White locoweed toxicity is facilitated by a fungal endophyte and nitrogen-fixing bacteria. Ecology 88:1850\u20131856.<\/p>\n<p>Horiuchi, J., D. V. Badri, B. A. Kimball, F. Negre, N. Dudareva, M. W. Paschke, and J. M. Vivanco. 2007. The floral volatile, methyl benzoate, from snapdragon (<em>Antirrhinum maju<\/em>s) triggers phytotoxic effects in Arabidopsis thaliana. Planta 226:1\u201310.<\/p>\n<p>Perry, L. G., G. C. Thelen, W. M. Ridenour, R. M. Callaway, M. W. Paschke, and J. M. Vivanco. 2007. Concentrations of the allelochemical (\u00b1)-catechin in <em>Centaurea maculosa<\/em> Soils. Journal of Chemical Ecology 33:2337\u20132344.<\/p>\n<p>Qin, B., J. A. Lau, J. Kopshever, R. M. Callaway, H. McGray, L. G. Perry, T. L. Weir, M. W. Paschke, J. L. Hierro, J. Yoder, J. M. Vivanco, and S. Strauss. 2007. No evidence for root-mediated allelopathy in <em>Centaurea solstitialis<\/em>, a species in a commonly allelopathic genus. Biological Invasions 9:897\u2013907.<\/p>\n<p>Shanahan, J. O., J. E. Brummer, W. C. Leininger, and M. W. Paschke. 2007. Manganese and zinc toxicity thresholds for mountain and Geyer willow. International Journal of Phytoremediation 9:437\u2013452.<\/p>\n<h2>2006<\/h2>\n<p>Klein, D. A., M. W. Paschke, and T. L. Heskett. 2006. Comparative fungal responses in managed plant communities infested by spotted (<em>Centaurea maculosa<\/em> Lam.) and diffuse (<em>C. diffusa<\/em> Lam.) knapweed. Applied Soil Ecology 32:89\u201397.<\/p>\n<p>Meiman, P. J., E. F. Redente, and M. W. Paschke. 2006. The role of the native soil community in the invasion ecology of spotted (<em>Centaurea maculosa<\/em> auct. non Lam.) and diffuse (<em>Centaurea diffusa<\/em> Lam.) knapweed. Applied Soil Ecology 32:77\u201388.<\/p>\n<p>Paschke, M. W., L. G. Perry, and E. F. Redente. 2006. Zinc toxicity thresholds for reclamation forb species. Water, Air, and Soil Pollution 170:317\u2013330.<\/p>\n<p>Perry, L. G., T. L. Weir, B. Prithiviraj, M. W. Paschke, and J. M. Vivanco. 2006. Root exudation and rhizosphere biology: multiple functions of a plant secondary metabolite. Pages 403\u2013420 Communication in Plants. Springer Berlin Heidelberg, Berlin, Heidelberg.<\/p>\n<p>Qin, B., L. G. Perry, C. D. Broeckling, J. Du, F. R. Stermitz, M. W. Paschke, and J. M. Vivanco. 2006. Phytotoxic allelochemicals from roots and root exudates of leafy spurge ( <em>Euphorbia esula<\/em> L.). Plant Signaling &amp; Behavior 1:323\u2013327.<\/p>\n<p>Sullivan, T. S., M. E. Stromberger, and M. W. Paschke. 2006a. Parallel shifts in plant and soil microbial communities in response to biosolids in a semi-arid grassland. Soil Biology and Biochemistry 38:449\u2013459.<\/p>\n<p>Sullivan, T. S., M. E. Stromberger, M. W. Paschke, and J. A. Ippolito. 2006b. Long-term impacts of infrequent biosolids applications on chemical and microbial properties of a semi-arid rangeland soil. Biology and Fertility of Soils 42:258\u2013266.<\/p>\n<h2>2005<\/h2>\n<p>Paschke, M. W., K. Topper, R. B. Brobst, and E. F. Redente. 2005. Long-term effects of biosolids on revegetation of disturbed sagebrush steppe in northwestern Colorado. Restoration Ecology 13:545\u2013551.<\/p>\n<p>Paschke, M. W., A. Valdecantos, and E. F. Redente. 2005. Manganese toxicity thresholds for restoration grass species. Environmental Pollution 135:313\u2013322.<\/p>\n<p>Perry, L. G., C. Johnson, E. R. Alford, J. M. Vivanco, and M. W. Paschke. 2005. Screening of grassland plants for restoration after spotted knapweed invasion. Restoration Ecology 13:725\u2013735.<\/p>\n<p>Perry, L. G., G. C. Thelen, W. M. Ridenour, T. L. Weir, R. M. Callaway, M. W. Paschke, and J. M. Vivanco. 2005. Retracted\u202f: Dual role for an allelochemical: (\u00b1)-catechin from <em>Centaurea maculosa<\/em> root exudates regulates conspecific seedling establishment. Journal of Ecology 93:1126\u20131135.<\/p>\n<h2>2002<\/h2>\n<p>Redente, E. F., H. Zadeh, and M. W. Paschke. 2002. Phytoxicity of smelter-impacted soils in southwest Montana, USA. Environmental Toxicology and Chemistry 21:269\u2013274.<\/p>\n<h2>2001<\/h2>\n<p>Grantham, W. P., E. F. Redente, C. F. Bagley, and M. W. Paschke. 2001. Tracked vehicle impacts to vegetation structure and soil erodibility. Journal of Range Management 54:711.<\/p>\n<h2>2000<\/h2>\n<p>Klein, D. A., and M. W. Paschke. 2000. A soil microbial community structural-functional index: the microscopy-based total\/active\/active fungal\/bacterial (TA\/AFB) biovolumes ratio. Applied Soil Ecology 14:257\u2013268.<\/p>\n<p>Paschke, M. W., C. DeLeo, and E. F. Redente. 2000. Revegetation of roadcut slopes in Mesa Verde National Park, U.S.A. Restoration Ecology 8:276\u2013282.<\/p>\n<p>Paschke, M. W., T. McLendon, and E. F. Redente. 2000. Nitrogen availability and old-field succession in a shortgrass steppe. Ecosystems 3:144\u2013158.<\/p>\n<p>Paschke, M. W., E. F. Redente, and D. B. Levy. 2000. Zinc toxicity thresholds for important reclamation grass species of the western united states. Environmental Toxicology and Chemistry 19:2751\u20132756.<\/p>\n<h2>1998<\/h2>\n<p>Klein, D. A., M. W. Paschke, and E. F. Redente. 1998. Assessment of fungal\u2013bacterial development in a successional shortgrass steppe by direct integration of chloroform-fumigation extraction (FE) and microscopically derived data. Soil Biology and Biochemistry 30:573\u2013581.<\/p>\n<h2>1997<\/h2>\n<p>Paschke, M. W. 1997. Actinorhizal plants in rangelands of the western United States. Journal of Range Management 50:62.<\/p>\n<h2>1994<\/h2>\n<p>Kohls, S. J., J. Thimmapuram, C. A. Buschena, M. W. Paschke, and J. O. Dawson. 1994. Nodulation patterns of actinorhizal plants in the family Rosaceae. Plant and Soil 162:229\u2013239.<\/p>\n<h2>1992<\/h2>\n<p>Paschke, M. W., and J. O. Dawson. 1992. The occurrence of <em>Frankia<\/em> in tropical forest soils of Costa Rica. Plant and Soil 142:63\u201367.<\/p>\n<h2>1989<\/h2>\n<p>Paschke, M. W., J. O. Dawson, and M. B. David. 1989. Soil nitrogen mineralization in plantations of <em>Juglans nigra<\/em> interplanted with actinorhizal <em>Elaeagnus umbellata<\/em> or <em>Alnus glutinosa<\/em>. Plant and Soil 118:33\u201342.[\/vc_column_text][\/vc_column][\/vc_row]<\/p>\n<\/div>","protected":false},"excerpt":{"rendered":"<p>[vc_row][vc_column][vc_column_text] 2018 Khuc, Q. Van, B. Q. Tran, P. Meyfroidt, and M. W. Paschke. 2018. Drivers of deforestation and forest degradation in Vietnam: An exploratory analysis at the national level. Forest Policy and Economics 90:128\u2013141. Jonas, J. L., M. N. Grant-Hoffman, and M. W. Paschke. 2018. Restoration of North American salt deserts: A look at [&hellip;]<\/p>\n","protected":false},"author":155,"featured_media":0,"parent":0,"menu_order":0,"comment_status":"closed","ping_status":"closed","template":"","meta":{"footnotes":""},"class_list":["post-19","page","type-page","status-publish","hentry"],"_links":{"self":[{"href":"https:\/\/sites.warnercnr.colostate.edu\/restoration-ecology-lab\/wp-json\/wp\/v2\/pages\/19","targetHints":{"allow":["GET"]}}],"collection":[{"href":"https:\/\/sites.warnercnr.colostate.edu\/restoration-ecology-lab\/wp-json\/wp\/v2\/pages"}],"about":[{"href":"https:\/\/sites.warnercnr.colostate.edu\/restoration-ecology-lab\/wp-json\/wp\/v2\/types\/page"}],"author":[{"embeddable":true,"href":"https:\/\/sites.warnercnr.colostate.edu\/restoration-ecology-lab\/wp-json\/wp\/v2\/users\/155"}],"replies":[{"embeddable":true,"href":"https:\/\/sites.warnercnr.colostate.edu\/restoration-ecology-lab\/wp-json\/wp\/v2\/comments?post=19"}],"version-history":[{"count":6,"href":"https:\/\/sites.warnercnr.colostate.edu\/restoration-ecology-lab\/wp-json\/wp\/v2\/pages\/19\/revisions"}],"predecessor-version":[{"id":199,"href":"https:\/\/sites.warnercnr.colostate.edu\/restoration-ecology-lab\/wp-json\/wp\/v2\/pages\/19\/revisions\/199"}],"wp:attachment":[{"href":"https:\/\/sites.warnercnr.colostate.edu\/restoration-ecology-lab\/wp-json\/wp\/v2\/media?parent=19"}],"curies":[{"name":"wp","href":"https:\/\/api.w.org\/{rel}","templated":true}]}}