{"id":2,"date":"2015-09-14T21:54:19","date_gmt":"2015-09-14T21:54:19","guid":{"rendered":"http:\/\/sites.warnercnr.colostate.edu\/sararathburn\/?page_id=2"},"modified":"2025-10-28T16:42:50","modified_gmt":"2025-10-28T16:42:50","slug":"sample-page","status":"publish","type":"page","link":"https:\/\/sites.warnercnr.colostate.edu\/sararathburn\/sample-page\/","title":{"rendered":"Current Research"},"content":{"rendered":"<p><span style=\"float: none;background-color: #ffffff;color: #444444;cursor: text;font-family: 'Open Sans',Helvetica,Arial,sans-serif;font-size: 14px;font-style: normal;font-variant: normal;font-weight: 400;letter-spacing: normal;text-align: left;text-decoration: none;text-indent: 0px;text-transform: none\"><strong>Itai Bojdak-Yates<\/strong>, MS student: Quantifying residence time and porosity of beaver dams and beaver dam analogs in Rocky Mountain headwater streams.<\/span><\/p>\n<p><a href=\"https:\/\/sites.warnercnr.colostate.edu\/sararathburn\/wp-content\/uploads\/sites\/22\/2019\/12\/Celeste2Mb.jpg\"><img loading=\"lazy\" decoding=\"async\" class=\"alignnone size-medium wp-image-203\" src=\"https:\/\/sites.warnercnr.colostate.edu\/sararathburn\/wp-content\/uploads\/sites\/22\/2019\/12\/Celeste2Mb-300x225.jpg\" alt=\"\" width=\"300\" height=\"225\" srcset=\"https:\/\/sites.warnercnr.colostate.edu\/sararathburn\/wp-content\/uploads\/sites\/22\/2019\/12\/Celeste2Mb-300x225.jpg 300w, https:\/\/sites.warnercnr.colostate.edu\/sararathburn\/wp-content\/uploads\/sites\/22\/2019\/12\/Celeste2Mb-1024x768.jpg 1024w, https:\/\/sites.warnercnr.colostate.edu\/sararathburn\/wp-content\/uploads\/sites\/22\/2019\/12\/Celeste2Mb-768x576.jpg 768w, https:\/\/sites.warnercnr.colostate.edu\/sararathburn\/wp-content\/uploads\/sites\/22\/2019\/12\/Celeste2Mb-1536x1152.jpg 1536w, https:\/\/sites.warnercnr.colostate.edu\/sararathburn\/wp-content\/uploads\/sites\/22\/2019\/12\/Celeste2Mb-624x468.jpg 624w, https:\/\/sites.warnercnr.colostate.edu\/sararathburn\/wp-content\/uploads\/sites\/22\/2019\/12\/Celeste2Mb.jpg 1632w\" sizes=\"auto, (max-width: 300px) 100vw, 300px\" \/>\u00a0<\/a> <strong>Celeste Wieting<\/strong>, Post-doc: Channel morphologic response to invasive vegetation removal (with collaborators J. Friedman, and D. Dean).<span style=\"float: none;background-color: #ffffff;color: #444444;cursor: text;font-family: 'Open Sans',Helvetica,Arial,sans-serif;font-size: 14px;font-style: normal;font-variant: normal;font-weight: 400;letter-spacing: normal;text-align: left;text-decoration: none;text-indent: 0px;text-transform: none\"><strong>\u00a0<\/strong><\/span><\/p>\n<p><a href=\"https:\/\/sites.warnercnr.colostate.edu\/sararathburn\/wp-content\/uploads\/sites\/22\/2022\/07\/F-RB4-root-measure-scaled.jpg\"><img loading=\"lazy\" decoding=\"async\" class=\"alignnone size-medium wp-image-268\" src=\"https:\/\/sites.warnercnr.colostate.edu\/sararathburn\/wp-content\/uploads\/sites\/22\/2022\/07\/F-RB4-root-measure-225x300.jpg\" alt=\"\" width=\"225\" height=\"300\" srcset=\"https:\/\/sites.warnercnr.colostate.edu\/sararathburn\/wp-content\/uploads\/sites\/22\/2022\/07\/F-RB4-root-measure-225x300.jpg 225w, https:\/\/sites.warnercnr.colostate.edu\/sararathburn\/wp-content\/uploads\/sites\/22\/2022\/07\/F-RB4-root-measure-768x1024.jpg 768w, https:\/\/sites.warnercnr.colostate.edu\/sararathburn\/wp-content\/uploads\/sites\/22\/2022\/07\/F-RB4-root-measure-1152x1536.jpg 1152w, https:\/\/sites.warnercnr.colostate.edu\/sararathburn\/wp-content\/uploads\/sites\/22\/2022\/07\/F-RB4-root-measure-1536x2048.jpg 1536w, https:\/\/sites.warnercnr.colostate.edu\/sararathburn\/wp-content\/uploads\/sites\/22\/2022\/07\/F-RB4-root-measure-624x832.jpg 624w, https:\/\/sites.warnercnr.colostate.edu\/sararathburn\/wp-content\/uploads\/sites\/22\/2022\/07\/F-RB4-root-measure-scaled.jpg 1920w\" sizes=\"auto, (max-width: 225px) 100vw, 225px\" \/> <\/a>Putting down roots: Afforestation and bank cohesion of Iceland Rivers (with collaborators \u00der\u00f6stur Eysteinsson and \u00deorsteinn S\u00e6mundsson)<\/p>\n<h2>Undergraduate Research<\/h2>\n<p>Rang, A., 2022, Investigating erosional trends in gullies at Wupatki National Monument.<\/p>\n<p>Daniels, S., 2022, Grain size changes and channel morphology in the southwestern United States.<\/p>\n<p>Nelson, J., 2020, Linking sediment sources to downstream floodplain forests.<\/p>\n<p>Newman, S., 2019, Sediment fingerprinting of fluvial sands in the Yampa Basin using pXRF.<\/p>\n<p>Mainiero, A., 2018, Measuring gravel and cobble transport into Ralph Price Reservoir using radio frequency identification.<\/p>\n<p>Van, B. and Merrill, J. 2017, Instream wood loads and log jam spacing on the Upper Colorado River, Rocky Mountain National Park, Poster presented at Celebrate Undergraduate Research and Creativity (CURC).<\/p>\n<h2>Former Students<\/h2>\n<p>Connor Mertz MS 2025<\/p>\n<p>Celeste Wieting PhD\u00a0 2024<\/p>\n<p>Sarah Dunn MS 2023<\/p>\n<p>John Kemper PhD 2022<\/p>\n<p>Jens Christoph Suhr MS 2022<\/p>\n<p>Annette Patton PhD 2019<\/p>\n<p>Johanna Eidmann MS 2018<\/p>\n<p>Matthew Sparacino MS 2017<\/p>\n<p>Derek Schook PhD 2017<\/p>\n<p>Annette Patton MS 2016<\/p>\n<p>Maisie Richards MS 2016<\/p>\n<p>Scott Shahverdian MS 2015<\/p>\n<p>Joseph Mangano MS 2014<\/p>\n<p>Cory Williams MS 2014<\/p>\n<p>Kyle Grimsley MS 2012<\/p>\n<p>Zan Rubin MS 2010<\/p>\n<p>Daniel Cadol MS 2007<\/p>\n\n\n<p><\/p>\n\n\n\n<p><\/p>\n","protected":false},"excerpt":{"rendered":"<p>Itai Bojdak-Yates, MS student: Quantifying residence time and porosity of beaver dams and beaver dam analogs in Rocky Mountain headwater streams. \u00a0 Celeste Wieting, Post-doc: Channel morphologic response to invasive vegetation removal (with collaborators J. Friedman, and D. Dean).\u00a0 Putting down roots: Afforestation and bank cohesion of Iceland Rivers (with collaborators \u00der\u00f6stur Eysteinsson and \u00deorsteinn [&hellip;]<\/p>\n","protected":false},"author":47,"featured_media":0,"parent":0,"menu_order":0,"comment_status":"closed","ping_status":"closed","template":"","meta":{"footnotes":""},"class_list":["post-2","page","type-page","status-publish","hentry"],"_links":{"self":[{"href":"https:\/\/sites.warnercnr.colostate.edu\/sararathburn\/wp-json\/wp\/v2\/pages\/2","targetHints":{"allow":["GET"]}}],"collection":[{"href":"https:\/\/sites.warnercnr.colostate.edu\/sararathburn\/wp-json\/wp\/v2\/pages"}],"about":[{"href":"https:\/\/sites.warnercnr.colostate.edu\/sararathburn\/wp-json\/wp\/v2\/types\/page"}],"author":[{"embeddable":true,"href":"https:\/\/sites.warnercnr.colostate.edu\/sararathburn\/wp-json\/wp\/v2\/users\/47"}],"replies":[{"embeddable":true,"href":"https:\/\/sites.warnercnr.colostate.edu\/sararathburn\/wp-json\/wp\/v2\/comments?post=2"}],"version-history":[{"count":93,"href":"https:\/\/sites.warnercnr.colostate.edu\/sararathburn\/wp-json\/wp\/v2\/pages\/2\/revisions"}],"predecessor-version":[{"id":307,"href":"https:\/\/sites.warnercnr.colostate.edu\/sararathburn\/wp-json\/wp\/v2\/pages\/2\/revisions\/307"}],"wp:attachment":[{"href":"https:\/\/sites.warnercnr.colostate.edu\/sararathburn\/wp-json\/wp\/v2\/media?parent=2"}],"curies":[{"name":"wp","href":"https:\/\/api.w.org\/{rel}","templated":true}]}}