{"id":130,"date":"2019-08-25T19:27:26","date_gmt":"2019-08-25T19:27:26","guid":{"rendered":"http:\/\/sites.warnercnr.colostate.edu\/sbombaci\/?page_id=130"},"modified":"2026-01-14T15:38:06","modified_gmt":"2026-01-14T15:38:06","slug":"publications","status":"publish","type":"page","link":"https:\/\/sites.warnercnr.colostate.edu\/sbombaci\/publications\/","title":{"rendered":"Publications"},"content":{"rendered":"\n\n\t<p><\/p>\n<h2><strong>Publications<\/strong><\/h2>\n<p><strong>See my <a href=\"https:\/\/scholar.google.com\/citations?hl=en&amp;user=q2Yu6CMAAAAJ\">Google Scholar <\/a><a href=\"https:\/\/scholar.google.com\/citations?user=0CSiEnUAAAAJ&amp;hl=en\">Profile<\/a> for the lab&#8217;s latest research!<\/strong><\/p>\n<p><strong>Manuscripts Accepted for Publication (in press):<\/strong><\/p>\n<p>35) McCaslin, H.M. \u00a7, Pearce, T. \u00a7, Martinson, S.J., Nelson-Olivieri, J.\u00a7, Antunez, E.\u00a7, Verahrami, A.K. \u00a7, <strong>S.P. Bombaci<\/strong>. In press. Many DEI Initiatives are Viewed as Generally Effective by Students and Educators. Nature Humanities and Social Sciences.<\/p>\n<p>34) Funosas, D. + 105 other authors including <strong>S.P. Bombaci<\/strong>. In press. A global assessment of BirdNET performance: differences among continents, biomes, and species. Ecological Indicators.<\/p>\n<p>33) P\u00e9rez-Granados and E. Sebasti\u00e1n-Gonz\u00e1lez + 37 authors including <strong>S.P. Bombaci<\/strong>. In press. WABAD: A World Annotated Bird Acoustic Dataset for Passive Acoustic Monitoring. Ecology.<\/p>\n<p><strong>Manuscripts Published:<\/strong><\/p>\n<p>32) P\u00e9rez-Granados and D. Funosas + 94 other authors including <strong>S.P. Bombaci<\/strong>. 2025. Optimisation of passive acoustic bird surveys: a global assessment of BirdNET settings. Ibis. https:\/\/doi.org\/10.1111\/ibi.70013<\/p>\n<p>31) Jimenez, M.F.\u2020, <strong>S.P. Bombaci,<\/strong> G. Gifford\u2020, C.J. Schell, J.X. Wu, L. Pejchar. 2025. Making conservation more inclusive is a realization of our land ethic. <em>Biological Conservation<\/em> 311:111466.<\/p>\n<p>30) <strong>Bombaci, S.P<\/strong>., C. Farr, L. Pejchar, K. Wilkins, and T. Wittman, and An Anonymous Federal Government Employee. 2025. <a href=\"https:\/\/academic.oup.com\/bioscience\/article\/75\/9\/737\/8178297?utm_source=authortollfreelink&amp;utm_campaign=bioscience&amp;utm_medium=email&amp;guestAccessKey=37155026-d462-42c5-9afc-83c7965f55f2\">Forward steps, lingering gaps: gender representation among distinguished speakers at professional conferences<\/a>. <em>BioScience<\/em> biaf063.<\/p>\n<p>29) Verahrami, A.\u00a7, C.R. Swider, F. Bien-Dorvillion Bambi, P. Jackel Ferdy Malonga, O. Jared Samba, D. Hedwig, and <strong>S.P. Bombaci.<\/strong> 2025. Forest elephants modulate their behavior to adapt to sounds of danger. <em>Philos Trans R Soc Lond B<\/em> Biol Sci.380(1928):20240051.<\/p>\n<p>28) Layden, T.J.<sup>\u00a7<\/sup>, D. David-Chavez, E. Galofr\u00e9 Garc\u00eda<sup>\u2020<\/sup>, G. Gifford<sup>\u2020<\/sup>, A. Lavoie, E.R. Weingarten<sup>\u2020<\/sup>, and <strong>S.P. Bombaci<\/strong>. 2025. Confronting colonial history: toward healing, just, and equitable Indigenous conservation futures. <em>Ecology and Society<\/em> 30(1).<\/p>\n<p>27) Darras, K.A., R. Rountree, S. Van Wilgenburg, et al. including <strong>S.P. Bombaci<\/strong>. 2025. Worldwide Soundscapes: a synthesis of passive acoustic monitoring across realms. <em>Global Ecology and Biogeography<\/em> 34(5):e70021.<\/p>\n<p>26) Murphy, M.<sup> \u2020<\/sup>, E. Diaz-Clark<sup>\u2020<\/sup>, M. Rodriguez<sup>\u2020<\/sup>, M. Morado<sup>\u2020<\/sup>, N. Stafford, R. Frierson, <strong>S. P. Bombaci<\/strong>, M. M. Balgopal, and A. Lavoie. 2025. Impact of a Wildlife Conservation Immersion Event on Youth of Color. <em>Connected Science Learning<\/em>:1-9.<\/p>\n<p>25) Collins, A., A. Feuka, J. Nelson<sup>\u00a7<\/sup>, A. Verahrami<sup>\u00a7<\/sup>, and <strong>S.P.<\/strong> <strong>Bombaci<\/strong>. 2024. Perspectives on inclusion, safety, and belonging from members of the North American LGBTQIA+ conservation community. <em>Conservation Biology<\/em> 38(6):e14389.<\/p>\n<p>24) Layden, T.J.<sup>\u00a7<\/sup>, S. Fern\u00e1ndez, M. Sandoval-Lemus, K.J. Sonius<sup>\u2021<\/sup>, D. David-Chavez, and <strong>S.P. Bombaci<\/strong>. 2024. Shifting power in practice: Implementing relational practice &amp; evaluation in conservation science. <em>Social Sciences<\/em> 13(10):555.<\/p>\n<p>23) Jensen, A. J., and <strong>S.P. Bombaci<\/strong>. 2024. Shaping scientists: How faculty values influence graduate student recruitment and diversity, equity, and inclusion. <em>BioScience<\/em>:biae047.<\/p>\n<p>22) Nelson-Olivieri<sup>\u00a7<\/sup>, J. R., T. J. Layden<sup>\u00a7<\/sup>, E. Antunez<sup>\u00a7<\/sup>, A. Khalighifar, M. Lasky<sup>\u00a7<\/sup>, T. M. Laverty, K. A. Sanchez, G. Shannon, S. Starr<sup>\u2021<\/sup>, A.K. Verahrami<sup>\u00a7<\/sup>, and <strong>S.P. Bombaci<\/strong>. 2023. Inequalities in noise will affect urban wildlife. <em>Nature Ecology &amp; Evolution<\/em> 8:163-174. (Impact factor: 16.5, Citations: 6, 99<sup>th<\/sup> percentile in Altmetric).<\/p>\n<p>21) Barrile, G. M., R. F. Bernard, R. C. Wilcox, J. A. Becker, M. E. Dillon, R. R. Thomas-Kuzilik, <strong>S.P. Bombaci<\/strong>, and B. G. Merkle. 2023. Equity, community, and accountability: Leveraging a department-level climate survey as a tool for action. <em>PLOS ONE<\/em> 18(8): e0290065. (Impact factor: 3.7, Citations: 0).<\/p>\n<p>20) Lasky, M.<sup>\u00a7<\/sup> and <strong>S.P. Bombaci<\/strong>. 2023. The impact of humans on fear responses in wildlife: A review of current research. <em>Journal for Nature Conservation<\/em> 74:126448. (Impact factor: 2.2, Citations: 7, 90<sup>th<\/sup> percentile in Altmetric).<\/p>\n<p>19) Lundin, M.<sup>\u2021<\/sup> and <strong>S.P. Bombaci<\/strong>. 2022. Making outdoor field experiences more inclusive for the LGBTQ+ community. <em>Ecological Applications<\/em> e2771. (Impact factor: 6.105, Citations: 9, 89<sup>th<\/sup> percentile in Altmetric). <strong><em>Received certificate from Wiley publishing for this paper being one of the most downloaded during its first 12 months of publication in Ecological Applications.<\/em><\/strong><strong>\u00a0<\/strong><\/p>\n<p>18) Dott, C., <strong>S. Bombaci<\/strong>, A. Kasprak, and J. Korb. 2022. A tale of two rivers: Dam\u2010induced hydrologic drought on the lower Dolores River and its impact on tamarisk establishment. <em>Ecohydrology <\/em>15:e2429. (Impact factor: 2.81, Citations: 3).<\/p>\n<p>17) Hahn, N.<sup>\u2020<\/sup>, <strong>S.P.<\/strong> <strong>Bombaci, <\/strong>and G. Wittemyer. 2022. Identifying gaps, needs, and barriers for conservation technology collaborations. <em>Scientific Reports <\/em>12:4802. (Impact factor: 4.99, Citations: 8, 81<sup>st<\/sup> percentile in Altmetric).<\/p>\n<p>16) <strong>Bombaci, S.P<\/strong>., and L. Pejchar. 2022. Advancing equity in faculty hiring with diversity statements. <em>BioScience <\/em>72:biab136. (Impact Factor = 8.6, Citations: 15, 96th percentile in Altmetric).<em>\u00a0<\/em><\/p>\n<p>15) Nagy, R.C., J.K. Balch, + 120 other authors including <strong>S.P. Bombaci<\/strong>. 2021. Harnessing the NEON data revolution to advance open environmental science with a diverse and data-capable community. <em>Ecosphere <\/em>12:e03833. (Impact factor: 3.2, Citations: 22, 89<sup>th<\/sup> percentile in Altmetric). <strong><em>Received certificate from Wiley publishing for this paper being one of the most downloaded during its first 12 months of publication in Ecosphere.<\/em><\/strong><strong>\u00a0<\/strong><\/p>\n<p>14) <strong>Bombaci, S. P., <\/strong>R. E. Russell, M. J. St. Germain, C. A. Dobony, W. M. Ford, S. C. Loeb, and D. S. Jachowski. 2021. Context dependency of disease\u2010mediated competitive release in bat assemblages following white\u2010nose syndrome. <em>Ecosphere<\/em> 12: e03825. (Impact factor: 3.2, Citations: 9, 67<sup>th<\/sup> percentile in Altmetric).<\/p>\n<p>13) Kitzes, J., R. Blake, <strong>S. Bombaci<\/strong>, M. Chapman, S. M. Duran, T. Huang, M. B. Joseph, S. Lapp, S. Marconi, W. K. Oestreich, T. A. Rhinehart, A. K. Schweiger, Y. Song, T. Surasinghe, D. Yang, and K. Yule. 2021. Expanding NEON biodiversity surveys with new instrumentation and machine learning approaches. <em>Ecosphere<\/em> 12: e03795. (Impact factor: 3.2, Citations: 8, 83<sup>rd<\/sup> percentile in Altmetric).<\/p>\n<p>12) Jensen, A. J., <strong>S. P. Bombaci<\/strong>*, L. C. Gigliotti, S. N. Harris, C. J. Marneweck, M. S. Muthersbaugh, B. A. Newman, S. L. Rodriguez, E. A. Saldo, K. E. Shute, K. L. Titus, A. L. Williams, S. W. Yu, and D. S. Jachowski. 2021. Attracting diverse students to field experiences requires adequate pay, flexibility, and inclusion. <em>BioScience<\/em> 71:biab039. (Impact Factor = 8.6, Citations: 33, 99<sup>th<\/sup> percentile in Altmetric). <strong>*co-lead authorship<\/strong><\/p>\n<p>11) <strong>Bombaci, S. P<\/strong>., J. Innes, D. Kelly, V. Flaherty<sup>\u2021<\/sup>, and L. Pejchar. 2021. Excluding mammalian predators increases bird densities and seed dispersal in fenced ecosanctuaries. <em>Ecology<\/em> 102:e03340<strong>. <\/strong>(Impact Factor = 5.2, Citations: 15, 87<sup>th<\/sup> percentile in Altmetric).<\/p>\n<p>10) Pardo, L.E, <strong>S.P. Bombaci<\/strong>, S.E. Huebner +22 authors. 2021. Snapshot Safari: a large-scale collaborative to monitor Africa&#8217;s remarkable biodiversity. <em>South African Journal of Science<\/em> 117:1-4 (Impact Factor = 1.1, Citations: 23, 92<sup>nd<\/sup> percentile in Altmetric).<\/p>\n<p>9)<strong>\u00a0 <\/strong>Jimenez, M., T. Laverty, <strong>S.P. Bombaci<\/strong>, D. Bennett, K. Wilkins and L. Pejchar. 2019. Underrepresented faculty play disproportionate role in advancing diversity and inclusion. <em>Nature Ecology and Evolution<\/em> 3:1030-1033. (Impact factor: 16.9, Citations: 231, 99<sup>th<\/sup> percentile in Altmetric).<\/p>\n<p>8)\u00a0\u00a0 <strong>Bombaci, S. P<\/strong>., and L. Pejchar. 2019. Using paired acoustic sampling to enhance population monitoring of New Zealand&#8217;s forest birds. <em>New Zealand Journal of Ecology<\/em> 43:3356. (Impact factor: 1.5, Citations: 18).<\/p>\n<p>7)\u00a0\u00a0 <strong>Bombaci, S. P<\/strong>., J. Innes, and L. Pejchar. 2018. Fenced sanctuaries deliver conservation benefits for most common and threatened native island birds in New Zealand. <em>Ecosphere<\/em> 9: e02497. (Impact factor: 3.2, Citations: 29, 92<sup>nd<\/sup> percentile in Altmetric).<\/p>\n<p>6)\u00a0\u00a0 Farr, C. M., D. Bennett, <strong>S. P. Bombaci<\/strong>, H. T. Gallo, A. M. Mangan, T. Nogeire, H. Riedl, L. T. Stinson, K. Wilkins, and L. Pejchar. 2017. Addressing the gender gap in distinguished speakers at professional ecology conferences. <em>BioScience<\/em> 67:bix013. (Impact factor: 8.6, Citations: 53, 95<sup>th<\/sup> percentile in Altmetric).<\/p>\n<p>5)\u00a0\u00a0 <strong>Bombaci, S. P<\/strong>., T. Gallo, and L. Pejchar. 2017. Small-scale woodland reduction practices have neutral or negative short-term effects on birds and small mammals. <em>Rangeland Ecology and Management<\/em> 70:363-373. (Impact factor: 1.9, Citations: 9, 67<sup>th<\/sup> percentile in Altmetric).<\/p>\n<p>4)\u00a0\u00a0 <strong>Bombaci, S. P<\/strong>., and L. Pejchar. 2016. The consequences of pinyon and juniper woodland reduction for wildlife in North America. <em>Forest Ecology and Management<\/em> 365:34-50. (Impact factor: 3.1, Citations: 74, 68<sup>th<\/sup> percentile in Altmetric).<\/p>\n<p>3)\u00a0\u00a0 <strong>Bombaci, S. P<\/strong>., C. M. Farr, H. T. Gallo, A. M. Mangan, L. T. Stinson, M. Kaushik, and L. Pejchar. 2015. Using Twitter to communicate conservation science from a professional conference. <em>Conservation Biology<\/em> 30:216-255. <strong><em>Received the highest Altmetric score for all Conservation Biology publications from 2015-2016 and remains #36 of all articles tracked for this journal, Impact factor: 5.4, Citations: 117, 99<sup>th<\/sup> percentile in Altmetric<\/em><\/strong>.<\/p>\n<p>2)\u00a0\u00a0 Korb, J. E., <strong>S.P. Bombaci<\/strong>, and R. Siegel. 2014. The effect of sudden aspen decline on understory microclimate and vegetation in southwestern Colorado. <em>Canadian Journal of Forest Research<\/em> 44:914-921. (Impact factor: 1.6, Citations: 4).<\/p>\n<p>1) Lehmer, E.M., J. Korb, <strong>P. Bombaci<\/strong>, J. Ghachu, L. Hart, A. Kelly, N. McLean, C. O&#8217;Brien, K. Wright, and T. Schountz. 2012. The interplay of plant and animal disease in a changing landscape: the role of sudden aspen decline in moderating sin nombre virus prevalence in natural deer mouse populations. <em>EcoHealth<\/em> 9:205-216. (Impact factor: 2.2, Citations: 18).<\/p>\n<p><strong>\u00a0\u00a0\u00a0\u00a0\u00a0\u00a0\u00a0\u00a0\u00a0\u00a0\u00a0 <\/strong><\/p>\n<p><strong>\u00a0 Refereed Proceedings:<\/strong><\/p>\n<p>2) <strong>Bombaci, S.P<\/strong>. and J.E. Korb. 2012. The effects of sudden aspen decline on avian species composition and biodiversity in southwestern Colorado, <em>In<\/em>: The Colorado Plateau V: Research, environmental planning, and management for collaborative conservation, (van Riper, C., III, M. L. Villarreal, C. J. van Riper, and M. J. Johnson, eds). University of Arizona Press, Tucson, AZ. Pp. 95-112 of 343 pp.<\/p>\n<p>1) <strong>Bombaci, S.P.<\/strong> and J. Korb. 2011. Differences in avian community structure and biodiversity following a sudden aspen decline disturbance in southwest Colorado. Metamorphosis 4:1-14.<\/p>\n<p><\/p>\n\n","protected":false},"excerpt":{"rendered":"<p>Publications See my Google Scholar Profile for the lab&#8217;s latest research! Manuscripts Accepted for Publication (in press): 35) McCaslin, H.M. \u00a7, Pearce, T. \u00a7, Martinson, S.J., Nelson-Olivieri, J.\u00a7, Antunez, E.\u00a7, Verahrami, A.K. \u00a7, S.P. Bombaci. In press. Many DEI Initiatives are Viewed as Generally Effective by Students and Educators. Nature Humanities and Social Sciences. 34)&hellip;<\/p>\n","protected":false},"author":179,"featured_media":0,"parent":0,"menu_order":0,"comment_status":"closed","ping_status":"closed","template":"","meta":{"footnotes":""},"class_list":["post-130","page","type-page","status-publish","hentry"],"_links":{"self":[{"href":"https:\/\/sites.warnercnr.colostate.edu\/sbombaci\/wp-json\/wp\/v2\/pages\/130","targetHints":{"allow":["GET"]}}],"collection":[{"href":"https:\/\/sites.warnercnr.colostate.edu\/sbombaci\/wp-json\/wp\/v2\/pages"}],"about":[{"href":"https:\/\/sites.warnercnr.colostate.edu\/sbombaci\/wp-json\/wp\/v2\/types\/page"}],"author":[{"embeddable":true,"href":"https:\/\/sites.warnercnr.colostate.edu\/sbombaci\/wp-json\/wp\/v2\/users\/179"}],"replies":[{"embeddable":true,"href":"https:\/\/sites.warnercnr.colostate.edu\/sbombaci\/wp-json\/wp\/v2\/comments?post=130"}],"version-history":[{"count":33,"href":"https:\/\/sites.warnercnr.colostate.edu\/sbombaci\/wp-json\/wp\/v2\/pages\/130\/revisions"}],"predecessor-version":[{"id":722,"href":"https:\/\/sites.warnercnr.colostate.edu\/sbombaci\/wp-json\/wp\/v2\/pages\/130\/revisions\/722"}],"wp:attachment":[{"href":"https:\/\/sites.warnercnr.colostate.edu\/sbombaci\/wp-json\/wp\/v2\/media?parent=130"}],"curies":[{"name":"wp","href":"https:\/\/api.w.org\/{rel}","templated":true}]}}