{"id":1448,"date":"2026-01-28T18:21:35","date_gmt":"2026-01-28T18:21:35","guid":{"rendered":"https:\/\/sites.warnercnr.colostate.edu\/srf\/?page_id=1448"},"modified":"2026-02-26T14:08:01","modified_gmt":"2026-02-26T14:08:01","slug":"srf-media","status":"publish","type":"page","link":"https:\/\/sites.warnercnr.colostate.edu\/srf\/srf-media\/","title":{"rendered":"SRF Media"},"content":{"rendered":"<h5>Video\/Television<\/h5>\n<ul>\n<li>2026-01-28: <a href=\"https:\/\/apnews.com\/\">AP<\/a> <a href=\"https:\/\/apnews.com\/article\/safe-to-eat-snow-cream-storm-9d714c4abe6c554c2532d23e3b709743\"><b>Eating snow cones or snow cream can be a winter delight, if done safely<\/b><\/a><\/li>\n<li>2026-01-05: <a href=\"https:\/\/www.foxweather.com\/\">Fox Weather<\/a> <b><a href=\"https:\/\/youtu.be\/lib-DxibhLk?si=WdC-8nn48LldprVj\">Colorado State University professor of snow hydrology Steven Fassnacht explains how the sky can turn pink during a winter storm<\/a><\/b><\/li>\n<\/ul>\n<h5>Audio<\/h5>\n<ul>\n<li>2026-02-02: <a href=\"https:\/\/cadenaser.com\/aragon\/\">SER PIRINEOS Radio Jaca 92.3 FM<\/a> <a href=\"https:\/\/cadenaser.com\/aragon\/2026\/02\/02\/como-nos-afecta-la-hidrologia-de-la-nieve-de-estaciones-de-esqui-a-pantanos-pasando-por-cambios-al-ecosistema-radio-jaca-ser-pirineos\/  \n\"><b>\u00bfC\u00f3mo nos afecta la hidrolog\u00eda de la nieve? De estaciones de esqu\u00ed a pantanos, pasando por cambios al ecosistema<\/b><\/a> \u201cThe Snow Hydrology 2026 conference in Jaca February 2-6, 2026\u201d (in Spanish) (Live)<\/li>\n<li>2025-12-18: <a href=\"https:\/\/www.kunc.org\/\">KUNC<\/a> <a href=\"https:\/\/www.kunc.org\/news\/2025-12-18\/climate-change-makes-snowmaking-a-necessity-not-a-backup-for-the-wests-ski-resorts\"><b>Climate change makes snowmaking a necessity, not a backup, for the West&#8217;s ski resorts<\/b><\/a><\/li>\n<\/ul>\n<h5>Written<\/h5>\n<ul>\n<li>2026-02-24: <a href=\"https:\/\/www.hcn.org\/\">High Country News<\/a> <a href=\"https:\/\/www.hcn.org\/articles\/snowmaking-could-be-the-future-of-skiing-but-at-what-cost\/\"><b>Snowmaking could be the future of skiing. But at what cost?<\/b><\/a><\/li>\n<li>2026-02-14: <a href=\"https:\/\/www.coloradoan.com\/\">Coloradoan<\/a> <a href=\"https:\/\/www.coloradoan.com\/story\/news\/education\/2026\/02\/14\/climate-change-threatens-winter-olympics-colorado-state-university-researchers-say\/88651950007\/\"><b>Climate change threatens Winter Olympics, CSU researchers warn<\/b><\/a><\/li>\n<li>2026-02-11: <a href=\"https:\/\/www.parents.com\/\">Parents<\/a> <a href=\"https:\/\/www.parents.com\/is-it-safe-for-kids-to-eat-snow-11903808\"><b>Parents Of Course Your Kid Wants to Eat Snow\u2014But Should You Let Them?<\/b><\/a><\/li>\n<li>2026-02-05: <a>CSU Source<\/a> <a href=\"http:\/\/view.communications.colostate.edu\/?vawpToken=HNI33LK7OCZULLIJK4PIVMVQQA.120038\"><b>Climate change threatens the Winter Olympics\u2019 future<\/b><\/a><\/li>\n<li>2026-02-03: Baltimore Sun <a href=\"https:\/\/www.ap.org\/news-highlights\/spotlights\/2026\/eating-snow-cones-or-snow-cream-can-be-a-winter-delight-if-done-safely\/\"><b>Eating snow cones or snow cream can be a winter delight, if done safely<br \/>\n<\/b><\/a><\/li>\n<li>2026-02-03: <a href=\"https:\/\/www.upi.com\/\">United Press International<\/a> <a href=\"https:\/\/www.upi.com\/Voices\/2026\/02\/03\/winter-olympics-climate-change-future-snow-machines\/5411770127927\/\"><b>Climate change threatens the Winter Olympics&#8217; future<\/b><\/a><\/li>\n<li>2026-02-02: <a>CSU Source<\/a> <a href=\"https:\/\/doi.org\/10.64628\/AAI.nmrd39k7w\"><b>Ski resorts got welcome snowfall from storm, but not enough to turn dry, warm winter around<\/b><\/a><\/li>\n<li>2025-12-22: <a href=\"https:\/\/waterdesk.org\/\">The Water Desk<\/a> <a href=\"https:\/\/waterdesk.org\/2025\/12\/climate-change-makes-snowmaking-a-necessity-not-a-backup-for-the-wests-ski-resorts\/\"><b>Climate change makes snowmaking a necessity, not a backup, for the West\u2019s ski resorts<\/b><\/a><\/li>\n<li>2025-12-16: <a href=\"https:\/\/www.axios.com\/local\/denver\">Axios Denver<\/a> <a href=\"https:\/\/www.axios.com\/local\/denver\/2025\/12\/16\/eat-snow-warnings-pollution\"><b>Why you should not eat snow<\/b><\/a><\/li>\n<\/ul>\n","protected":false},"excerpt":{"rendered":"<p>Video\/Television 2026-01-28: AP Eating snow cones or snow cream can be a winter delight, if done safely 2026-01-05: Fox Weather Colorado State University professor of snow hydrology Steven Fassnacht explains how the sky can turn pink during a winter storm&hellip; <\/p>\n","protected":false},"author":95,"featured_media":0,"parent":0,"menu_order":0,"comment_status":"closed","ping_status":"closed","template":"","meta":{"footnotes":""},"class_list":["post-1448","page","type-page","status-publish","hentry"],"_links":{"self":[{"href":"https:\/\/sites.warnercnr.colostate.edu\/srf\/wp-json\/wp\/v2\/pages\/1448","targetHints":{"allow":["GET"]}}],"collection":[{"href":"https:\/\/sites.warnercnr.colostate.edu\/srf\/wp-json\/wp\/v2\/pages"}],"about":[{"href":"https:\/\/sites.warnercnr.colostate.edu\/srf\/wp-json\/wp\/v2\/types\/page"}],"author":[{"embeddable":true,"href":"https:\/\/sites.warnercnr.colostate.edu\/srf\/wp-json\/wp\/v2\/users\/95"}],"replies":[{"embeddable":true,"href":"https:\/\/sites.warnercnr.colostate.edu\/srf\/wp-json\/wp\/v2\/comments?post=1448"}],"version-history":[{"count":15,"href":"https:\/\/sites.warnercnr.colostate.edu\/srf\/wp-json\/wp\/v2\/pages\/1448\/revisions"}],"predecessor-version":[{"id":1480,"href":"https:\/\/sites.warnercnr.colostate.edu\/srf\/wp-json\/wp\/v2\/pages\/1448\/revisions\/1480"}],"wp:attachment":[{"href":"https:\/\/sites.warnercnr.colostate.edu\/srf\/wp-json\/wp\/v2\/media?parent=1448"}],"curies":[{"name":"wp","href":"https:\/\/api.w.org\/{rel}","templated":true}]}}